{"id":943,"date":"2022-09-07T22:12:31","date_gmt":"2022-09-08T01:12:31","guid":{"rendered":"http:\/\/abaterj.com.br\/corridas\/?page_id=943"},"modified":"2025-05-08T11:47:30","modified_gmt":"2025-05-08T14:47:30","slug":"acorrida","status":"publish","type":"page","link":"https:\/\/abaterj.com.br\/corridas\/acorrida\/","title":{"rendered":"A corrida"},"content":{"rendered":"\n\n\t<h6>\n\t\t\t\t\tCIRCUITO RIO ANTIGO &#8211; ETAPA LAPA\n\t\t\t\t<\/h6>\n\t<h2>\n\t\t\t\t\tInforma\u00e7\u00f5es Gerais\n\t\t\t\t<\/h2>\n\t\t\t<p>A pr\u00f3xima corrida do Circuito Light Rio Antigo, ser\u00e1 a Etapa Largo da Carioca que acontecer\u00e1 no dia 25 de maio de 2025, \u00e0s 08h no Largo da Carioca &#8211; Centro, Rio de Janeiro\/RJ.<\/p>\n<p>\u00a0<\/p>\n<p><strong>Inscri\u00e7\u00e3o:<\/strong><\/p>\n<p>\u00a0<\/p>\n<p><strong>1\u00ba LOTE:\u00a0 ENCERRADO EM 30\/04\/2025!<\/strong> <br \/>As inscri\u00e7\u00f5es ir\u00e3o do dia 21 de abril \u00e0 30 de abril de 2025. Valor R$ 80,00 ou a qualquer momento por determina\u00e7\u00e3o da organiza\u00e7\u00e3o do evento.<\/p>\n<p>\u00a0<\/p>\n<p><strong>2\u00ba LOTE:\u00a0<\/strong> <strong>As inscri\u00e7\u00f5es ir\u00e3o do dia 01 \u00e0 13 de maio de 2025. Valor R$ 120,00 ou a qualquer momento por determina\u00e7\u00e3o da organiza\u00e7\u00e3o do evento.<\/strong><\/p>\n<p>\u00a0<\/p>\n<p>O KIT ECON\u00d4MICO de participa\u00e7\u00e3o no evento \u00e9 composto pelos seguintes itens de servi\u00e7os da organiza\u00e7\u00e3o:<\/p>\n<p>&#8211;\u00a001 (um) n\u00famero de peito de uso obrigat\u00f3rio com tag de cronometragem<br \/>&#8211; 01 (uma) medalha finisher (somente para quem completar o percurso)<\/p>\n<p>\u00a0<\/p>\n<p><strong>Aten\u00e7\u00e3o: Por se tratar de kit promocional, n\u00e3o teremos a camisa oficial do Circuito Rio Antigo. Ser\u00e1 fornecida gratuitamente a camisa da nossa equipe.<\/strong><\/p>\n<p>\u00a0<\/p>\n<p><strong>O pagamento dever\u00e1 ser realizado por transfer\u00eancia banc\u00e1ria ou via PIX na conta da ABATERJ. FIQUE ATENTO AS DATAS!\u00a0 <\/strong>Ap\u00f3s o pagamento da inscri\u00e7\u00e3o o participante ter\u00e1 07 (sete) dias para solicitar reembolso em caso de desist\u00eancia.\u00a0 Ap\u00f3s esse prazo a inscri\u00e7\u00e3o ser\u00e1 realizada junto ao organizador do evento.\u00a0 Independentemente da observ\u00e2ncia do prazo previsto neste artigo, fica ressalvado que o valor da inscri\u00e7\u00e3o n\u00e3o ser\u00e1 devolvido caso o evento j\u00e1 tenha ocorrido.\u00a0 Neste caso o kit do participante estar\u00e1 dispon\u00edvel na sede da ABATERJ para retirada ap\u00f3s o evento no prazo de 02 meses.<\/p>\n<p>\u00a0<\/p>\n<p>Os Associados poder\u00e3o se inscrever para as categorias:<\/p>\n<p>\u00a0<\/p>\n<p><strong>CAMINHADA 3KM<\/strong><br \/><strong>CORRIDA 5 KM<\/strong><br \/><strong>CORRIDA 10 KM<\/strong><\/p>\n<p>\u00a0<\/p>\n<p><strong>No dia do evento estaremos com nossa barraca de apoio, onde ser\u00e3o oferecidos aos nossos corredores:<\/strong><\/p>\n<p>.N\u00famero de peito para a corrida com tag de cronometragem<\/p>\n<p>.Camisa da equipe ABATERJ<br \/>.Lanche<br \/>.Salada de frutas<br \/>.\u00c1gua<br \/>.Repositor energ\u00e9tico<br \/>.Guarda Volumes<\/p>\n<p>\u00a0<\/p>\n<p><strong>O Evento:<\/strong><\/p>\n<p>\u00a0<\/p>\n<p>.DATA: 25 de maio de 2025 &#8211; Domingo<\/p>\n<p>.LOCAL: Largo da Carioca &#8211; Centro &#8211; Rio de Janeiro<\/p>\n<p>.HOR\u00c1RIOS DE LARGADA:<\/p>\n<p>\ud83c\udfc3\u200d\u2642\ufe0f 10km &#8211; 6h30<br \/>\ud83c\udfc3\u200d\u2640\ufe0f 5km &#8211; 7h00<br \/>\ud83d\udeb6\u200d\u2642\ufe0f Caminhada 3km &#8211; 7h45<\/p>\n<p>.CONCENTRA\u00c7\u00c3O DOS ATLETAS: A partir das 06h<\/p>\n<p>.DIST\u00c2NCIAS:<\/p>\n<p>Corrida 10k e 5k, caminhada 3k<\/p>\n\t\t\t<a href=\"https:\/\/abaterj.com.br\/corridas\/inscricao\/index.php\" target=\"_self\"  role=\"button\">\n\t\t\t\t\t\tFA\u00c7A SUA INSCRI\u00c7\u00c3O\n\t\t<\/a>\n\n","protected":false},"excerpt":{"rendered":"<p>CIRCUITO RIO ANTIGO &#8211; ETAPA LAPA Informa\u00e7\u00f5es Gerais A pr\u00f3xima corrida do Circuito Light Rio Antigo, ser\u00e1 a Etapa Largo da Carioca que acontecer\u00e1 no dia 25 de maio de 2025, \u00e0s 08h no Largo da Carioca &#8211; Centro, Rio de Janeiro\/RJ. \u00a0 Inscri\u00e7\u00e3o: \u00a0 1\u00ba LOTE:\u00a0 ENCERRADO EM 30\/04\/2025! As inscri\u00e7\u00f5es ir\u00e3o do dia &hellip;<\/p>\n<p class=\"read-more\"> <a class=\"\" href=\"https:\/\/abaterj.com.br\/corridas\/acorrida\/\"> <span class=\"screen-reader-text\">A corrida<\/span> Leia mais &raquo;<\/a><\/p>\n","protected":false},"author":1,"featured_media":0,"parent":0,"menu_order":0,"comment_status":"closed","ping_status":"closed","template":"","meta":{"site-sidebar-layout":"no-sidebar","site-content-layout":"page-builder","ast-global-header-display":"","ast-main-header-display":"","ast-hfb-above-header-display":"","ast-hfb-below-header-display":"","ast-hfb-mobile-header-display":"","site-post-title":"disabled","ast-breadcrumbs-content":"","ast-featured-img":"disabled","footer-sml-layout":"","theme-transparent-header-meta":"enabled","adv-header-id-meta":"","stick-header-meta":"","header-above-stick-meta":"","header-main-stick-meta":"","header-below-stick-meta":"","footnotes":""},"class_list":["post-943","page","type-page","status-publish","hentry"],"_links":{"self":[{"href":"https:\/\/abaterj.com.br\/corridas\/wp-json\/wp\/v2\/pages\/943","targetHints":{"allow":["GET"]}}],"collection":[{"href":"https:\/\/abaterj.com.br\/corridas\/wp-json\/wp\/v2\/pages"}],"about":[{"href":"https:\/\/abaterj.com.br\/corridas\/wp-json\/wp\/v2\/types\/page"}],"author":[{"embeddable":true,"href":"https:\/\/abaterj.com.br\/corridas\/wp-json\/wp\/v2\/users\/1"}],"replies":[{"embeddable":true,"href":"https:\/\/abaterj.com.br\/corridas\/wp-json\/wp\/v2\/comments?post=943"}],"version-history":[{"count":59,"href":"https:\/\/abaterj.com.br\/corridas\/wp-json\/wp\/v2\/pages\/943\/revisions"}],"predecessor-version":[{"id":1216,"href":"https:\/\/abaterj.com.br\/corridas\/wp-json\/wp\/v2\/pages\/943\/revisions\/1216"}],"wp:attachment":[{"href":"https:\/\/abaterj.com.br\/corridas\/wp-json\/wp\/v2\/media?parent=943"}],"curies":[{"name":"wp","href":"https:\/\/api.w.org\/{rel}","templated":true}]}}