{"id":633,"date":"2022-03-21T07:42:33","date_gmt":"2022-03-21T07:42:33","guid":{"rendered":"http:\/\/abaterj.com.br\/corridas\/about\/"},"modified":"2022-09-07T18:17:00","modified_gmt":"2022-09-07T21:17:00","slug":"about","status":"publish","type":"page","link":"https:\/\/abaterj.com.br\/corridas\/about\/","title":{"rendered":"Sobre N\u00f3s"},"content":{"rendered":"\n\n\t<h3>\n\t\t\t\t\tVoltados para a valoriza\u00e7\u00e3o pessoal.\n\t\t\t\t<\/h3>\n\t<h5>\n\t\t\t\t\tApresenta\u00e7\u00e3o\n\t\t\t\t<\/h5>\n\t\t\t<p>A ABATERJ &#8211; Associa\u00e7\u00e3o Beneficente dos Amigos do Tribunal de Justi\u00e7a do Estado do Rio de Janeiro, com sede no Rio de Janeiro, Pessoa Jur\u00eddica de Direito Privado, \u00e9 uma associa\u00e7\u00e3o filantr\u00f3pica, sem fins lucrativos, com cunho social e criada em 1998. \u00c9 a fus\u00e3o das associa\u00e7\u00f5es ABATAC do Tribunal de Al\u00e7ada C\u00edvel &#8211; e ABATACRIM do Tribunal de Al\u00e7ada Criminal, ocorrida ap\u00f3s a extin\u00e7\u00e3o dos dois tribunais.<\/p>\n<p>\u00a0<\/p>\n<p>De acordo com o Estatuto da ABATERJ, a Presid\u00eancia \u00e9 exercida pelo c\u00f4njuge do Presidente do Tribunal de Justi\u00e7a do Estado do Rio de Janeiro ou por pessoa de sua confian\u00e7a. A Vice-Presid\u00eancia \u00e9 exercida pelo c\u00f4njuge do 1\u00ba Vice-Presidente do Tribunal de Justi\u00e7a do Estado do Rio de Janeiro ou por pessoa de sua confian\u00e7a. Os cargos de Diretores e Tesoureiros s\u00e3o ocupados por associados efetivos, eleitos pelos s\u00f3cios efetivos da associa\u00e7\u00e3o. O mandato de toda a Diretoria acontece por dois anos, assim como no TJRJ.<\/p>\n<p>\u00a0<\/p>\n<p>O objetivo principal \u00e9 dar assist\u00eancia aos empregados terceirizados do TJRJ, com apoio de atividades sociais de benemer\u00eancia, trazendo melhor qualidade de vida aos mesmos. Quanto aos associados, a ABATERJ lhes destina benef\u00edcios, conv\u00eanios, programas culturais e outras atividades. Al\u00e9m disso, a associa\u00e7\u00e3o presta assist\u00eancia filantr\u00f3pica a diversas institui\u00e7\u00f5es, obedecendo a cadastro previamente organizado dentro de crit\u00e9rios determinados pela Diretoria. Os assistidos passam por uma triagem e, ap\u00f3s aprova\u00e7\u00e3o, recebem assist\u00eancia social e cesta b\u00e1sica.<\/p>\n<p>\u00a0<\/p>\n<p>A ABATERJ atende aos terceirizados, que s\u00e3o os principais assistidos da institui\u00e7\u00e3o, e tamb\u00e9m aos benefici\u00e1rios dos projetos sociais do TJRJ. Al\u00e9m disso, efetua an\u00e1lise das necessidades dos assistidos e das institui\u00e7\u00f5es ligadas ao atendimento de pessoas carentes, tais como asilos, orfanatos, hospitais e outras institui\u00e7\u00f5es an\u00e1logas. Possui, atualmente, mais de 4000 associados. \u00c9 mantida pelos Desembargadores, Ju\u00edzes, Serventu\u00e1rios e S\u00f3cios colaboradores com vinculo ao TJRJ, por meio de desconto mensal em folha e anuidade para o s\u00f3cio colaborador. De acordo com seu estatuto, a finalidade da associa\u00e7\u00e3o \u00e9 prestar assist\u00eancia filantr\u00f3pica, promover a coopera\u00e7\u00e3o e a solidariedade entre os Servidores do Tribunal de Justi\u00e7a, conscientizando-os do grande valor da participa\u00e7\u00e3o como Associado da ABATERJ.<\/p>\n<p>\u00a0<\/p>\n<p>Os recursos recebidos s\u00e3o destinados \u00e0 compra de cestas b\u00e1sicas. Paralelamente, h\u00e1 uma agenda de programa\u00e7\u00e3o cultural voltada para os associados, atividades de esporte e lazer, servi\u00e7os que venham oferecer entretenimento aos mesmos e estimular a integra\u00e7\u00e3o entre eles, tais como teatro, campeonatos de futsal, encontros festivos, viagens etc. Os conv\u00eanios oferecidos derivam de parcerias com empresas que possam atender os interesses dos filiados, como cursos de l\u00ednguas, academias, seguros automobil\u00edsticos, \u00f3ticas, est\u00e9tica e sa\u00fade, escolas, faculdades, turismo entre outros.<\/p>\n\n","protected":false},"excerpt":{"rendered":"<p>Voltados para a valoriza\u00e7\u00e3o pessoal. Apresenta\u00e7\u00e3o A ABATERJ &#8211; Associa\u00e7\u00e3o Beneficente dos Amigos do Tribunal de Justi\u00e7a do Estado do Rio de Janeiro, com sede no Rio de Janeiro, Pessoa Jur\u00eddica de Direito Privado, \u00e9 uma associa\u00e7\u00e3o filantr\u00f3pica, sem fins lucrativos, com cunho social e criada em 1998. \u00c9 a fus\u00e3o das associa\u00e7\u00f5es ABATAC do &hellip;<\/p>\n<p class=\"read-more\"> <a class=\"\" href=\"https:\/\/abaterj.com.br\/corridas\/about\/\"> <span class=\"screen-reader-text\">Sobre N\u00f3s<\/span> Leia mais &raquo;<\/a><\/p>\n","protected":false},"author":1,"featured_media":0,"parent":0,"menu_order":0,"comment_status":"closed","ping_status":"closed","template":"","meta":{"site-sidebar-layout":"no-sidebar","site-content-layout":"page-builder","ast-global-header-display":"","ast-main-header-display":"","ast-hfb-above-header-display":"","ast-hfb-below-header-display":"","ast-hfb-mobile-header-display":"","site-post-title":"disabled","ast-breadcrumbs-content":"","ast-featured-img":"disabled","footer-sml-layout":"","theme-transparent-header-meta":"enabled","adv-header-id-meta":"","stick-header-meta":"","header-above-stick-meta":"","header-main-stick-meta":"","header-below-stick-meta":"","footnotes":""},"class_list":["post-633","page","type-page","status-publish","hentry"],"_links":{"self":[{"href":"https:\/\/abaterj.com.br\/corridas\/wp-json\/wp\/v2\/pages\/633","targetHints":{"allow":["GET"]}}],"collection":[{"href":"https:\/\/abaterj.com.br\/corridas\/wp-json\/wp\/v2\/pages"}],"about":[{"href":"https:\/\/abaterj.com.br\/corridas\/wp-json\/wp\/v2\/types\/page"}],"author":[{"embeddable":true,"href":"https:\/\/abaterj.com.br\/corridas\/wp-json\/wp\/v2\/users\/1"}],"replies":[{"embeddable":true,"href":"https:\/\/abaterj.com.br\/corridas\/wp-json\/wp\/v2\/comments?post=633"}],"version-history":[{"count":4,"href":"https:\/\/abaterj.com.br\/corridas\/wp-json\/wp\/v2\/pages\/633\/revisions"}],"predecessor-version":[{"id":892,"href":"https:\/\/abaterj.com.br\/corridas\/wp-json\/wp\/v2\/pages\/633\/revisions\/892"}],"wp:attachment":[{"href":"https:\/\/abaterj.com.br\/corridas\/wp-json\/wp\/v2\/media?parent=633"}],"curies":[{"name":"wp","href":"https:\/\/api.w.org\/{rel}","templated":true}]}}