{"id":1000,"date":"2022-10-25T11:54:37","date_gmt":"2022-10-25T14:54:37","guid":{"rendered":"http:\/\/abaterj.com.br\/corridas\/?page_id=1000"},"modified":"2025-04-22T14:31:28","modified_gmt":"2025-04-22T17:31:28","slug":"home","status":"publish","type":"page","link":"https:\/\/abaterj.com.br\/corridas\/","title":{"rendered":"Circuito Rio Antigo"},"content":{"rendered":"\n\n\t<h3>\n\t\t\t\t\tINCRI\u00c7\u00d5ES ABERTAS\n\t\t\t\t<\/h3>\n\t\t\t<p><img loading=\"lazy\" decoding=\"async\" src=\"http:\/\/abaterj.com.br\/corridas\/wp-content\/uploads\/2025\/04\/BANNER-HOT_SITE-ETAPA_LAPA.jpg\" alt=\"\" width=\"960\" height=\"500\" \/><\/p>\n\t<h5>\n\t\t\t\t\tCorra com a gente!\n\t\t\t\t<\/h5>\n\t\t\t<p>\ud83c\udfbd Est\u00e3o abertas as inscri\u00e7\u00f5es para a corrida <strong>Light Rio Antigo &#8211; Etapa Lapa!<\/strong><br \/>Prepare-se para viver uma manh\u00e3 cheia de energia no cora\u00e7\u00e3o do Rio!<\/p>\n<p>\u00a0<\/p>\n<p>\ud83d\udcc5 Data: <strong>25 de maio de 2025<\/strong><br \/>\ud83d\udccd Local: <strong>Arcos da Lapa &#8211; Centro do Rio de Janeiro<\/strong><\/p>\n<p>\u00a0<\/p>\n<p>\u23f0 Hor\u00e1rios de largada:<br \/>\ud83c\udfc3\u200d\u2642\ufe0f 10km &#8211; 6h30<br \/>\ud83c\udfc3\u200d\u2640\ufe0f 5km &#8211; 7h00<br \/>\ud83d\udeb6\u200d\u2642\ufe0f Caminhada 3km &#8211; 7h45<\/p>\n<p>\u00a0<\/p>\n<p>\ud83d\udccf Modalidades:<br \/>\u2705 Corrida 10km<br \/>\u2705 Corrida 5km<br \/>\u2705 Caminhada 3km<\/p>\n<p>\u00a0<\/p>\n<p>\u00a0<\/p>\n<p>\ud83d\udcdd <strong>Inscri\u00e7\u00f5es abertas at\u00e9 10\/05\/2025<\/strong> ou enquanto houver vagas.\u00a0 Garanta j\u00e1 a sua participa\u00e7\u00e3o!<\/p>\n\t\t\t<a href=\"https:\/\/abaterj.com.br\/corridas\/acorrida\/\" target=\"_self\"  role=\"button\">\n\t\t\t\t\t\tFA\u00c7A SUA INSCRI\u00c7\u00c3O!\n\t\t<\/a>\n\t<h6>\n\t\t\t\t\tN\u00e3o perca tempo, garanta sua participa\u00e7\u00e3o!\n\t\t\t\t<\/h6>\n\t<h2>\n\t\t\t\t\t<a href=\"https:\/\/abaterj.com.br\/corridas\/\" title=\"ADQUIRA J\u00c1 SUA INSCRI\u00c7\u00c3O!\" target=\"_self\">\n\t\t\t\t\t\tADQUIRA J\u00c1 SUA INSCRI\u00c7\u00c3O!\n\t\t\t\t\t\t<\/a>\n\t\t\t<\/h2>\n\t\t\t<p><strong>Ser\u00e3o oferecidos aos nossos corredores:<\/strong><\/p>\n<p>N\u00famero de peito<br \/>Chip de cronometragem descart\u00e1vel<br \/>Medalha finisher<br \/>Camisa da equipe<br \/>Lanche<br \/>Salada de frutas<br \/>\u00c1gua<br \/>Repositor energ\u00e9tico<br \/>Guarda Volumes<\/p>\n\t\t\t<a href=\"https:\/\/abaterj.com.br\/corridas\/acorrida\/\" target=\"_self\"  role=\"button\">\n\t\t\t\t\t\tFA\u00c7A SUA INSCRI\u00c7\u00c3O!\n\t\t<\/a>\n\n","protected":false},"excerpt":{"rendered":"<p>INCRI\u00c7\u00d5ES ABERTAS Corra com a gente! \ud83c\udfbd Est\u00e3o abertas as inscri\u00e7\u00f5es para a corrida Light Rio Antigo &#8211; Etapa Lapa!Prepare-se para viver uma manh\u00e3 cheia de energia no cora\u00e7\u00e3o do Rio! \u00a0 \ud83d\udcc5 Data: 25 de maio de 2025\ud83d\udccd Local: Arcos da Lapa &#8211; Centro do Rio de Janeiro \u00a0 \u23f0 Hor\u00e1rios de largada:\ud83c\udfc3\u200d\u2642\ufe0f 10km &hellip;<\/p>\n<p class=\"read-more\"> <a class=\"\" href=\"https:\/\/abaterj.com.br\/corridas\/\"> <span class=\"screen-reader-text\">Circuito Rio Antigo<\/span> Leia mais &raquo;<\/a><\/p>\n","protected":false},"author":1,"featured_media":0,"parent":0,"menu_order":0,"comment_status":"closed","ping_status":"closed","template":"","meta":{"site-sidebar-layout":"no-sidebar","site-content-layout":"page-builder","ast-global-header-display":"","ast-main-header-display":"","ast-hfb-above-header-display":"","ast-hfb-below-header-display":"","ast-hfb-mobile-header-display":"","site-post-title":"disabled","ast-breadcrumbs-content":"","ast-featured-img":"disabled","footer-sml-layout":"","theme-transparent-header-meta":"enabled","adv-header-id-meta":"","stick-header-meta":"","header-above-stick-meta":"","header-main-stick-meta":"","header-below-stick-meta":"","footnotes":""},"class_list":["post-1000","page","type-page","status-publish","hentry"],"_links":{"self":[{"href":"https:\/\/abaterj.com.br\/corridas\/wp-json\/wp\/v2\/pages\/1000","targetHints":{"allow":["GET"]}}],"collection":[{"href":"https:\/\/abaterj.com.br\/corridas\/wp-json\/wp\/v2\/pages"}],"about":[{"href":"https:\/\/abaterj.com.br\/corridas\/wp-json\/wp\/v2\/types\/page"}],"author":[{"embeddable":true,"href":"https:\/\/abaterj.com.br\/corridas\/wp-json\/wp\/v2\/users\/1"}],"replies":[{"embeddable":true,"href":"https:\/\/abaterj.com.br\/corridas\/wp-json\/wp\/v2\/comments?post=1000"}],"version-history":[{"count":35,"href":"https:\/\/abaterj.com.br\/corridas\/wp-json\/wp\/v2\/pages\/1000\/revisions"}],"predecessor-version":[{"id":1212,"href":"https:\/\/abaterj.com.br\/corridas\/wp-json\/wp\/v2\/pages\/1000\/revisions\/1212"}],"wp:attachment":[{"href":"https:\/\/abaterj.com.br\/corridas\/wp-json\/wp\/v2\/media?parent=1000"}],"curies":[{"name":"wp","href":"https:\/\/api.w.org\/{rel}","templated":true}]}}